{"id":2099,"date":"2021-06-09T14:16:52","date_gmt":"2021-06-09T14:16:52","guid":{"rendered":"https:\/\/registration.crto.on.ca\/introduction\/"},"modified":"2025-04-29T22:07:36","modified_gmt":"2025-04-29T22:07:36","slug":"introduction","status":"publish","type":"page","link":"https:\/\/registration.crto.on.ca\/fr\/introduction\/","title":{"rendered":"Introduction"},"content":{"rendered":"<p>[et_pb_section fb_built=\u00a0\u00bb1&Prime; _builder_version=\u00a0\u00bb4.16&Prime; background_image=\u00a0\u00bbhttps:\/\/registration.crto.on.ca\/wp-content\/uploads\/sites\/14\/2021\/06\/crto-purplepattern-crop-2.jpg\u00a0\u00bb parallax=\u00a0\u00bbon\u00a0\u00bb parallax_method=\u00a0\u00bboff\u00a0\u00bb border_width_bottom=\u00a0\u00bb3px\u00a0\u00bb border_color_bottom=\u00a0\u00bb#696BAE\u00a0\u00bb global_colors_info=\u00a0\u00bb{}\u00a0\u00bb][et_pb_row _builder_version=\u00a0\u00bb4.16&Prime; background_size=\u00a0\u00bbinitial\u00a0\u00bb background_position=\u00a0\u00bbtop_left\u00a0\u00bb background_repeat=\u00a0\u00bbrepeat\u00a0\u00bb global_colors_info=\u00a0\u00bb{}\u00a0\u00bb][et_pb_column type=\u00a0\u00bb4_4&Prime; _builder_version=\u00a0\u00bb4.16&Prime; custom_padding=\u00a0\u00bb|||\u00a0\u00bb global_colors_info=\u00a0\u00bb{}\u00a0\u00bb custom_padding__hover=\u00a0\u00bb|||\u00a0\u00bb][et_pb_text admin_label=\u00a0\u00bbABOUT THE STANDARDS\u00a0\u00bb _builder_version=\u00a0\u00bb4.16&Prime; module_alignment=\u00a0\u00bbleft\u00a0\u00bb global_colors_info=\u00a0\u00bb{}\u00a0\u00bb]<\/p>\n<h1><strong>INTRODUCTION<\/strong><\/h1>\n<p>[\/et_pb_text][\/et_pb_column][\/et_pb_row][\/et_pb_section][et_pb_section fb_built=\u00a0\u00bb1&Prime; custom_padding_last_edited=\u00a0\u00bbon|desktop\u00a0\u00bb _builder_version=\u00a0\u00bb4.16&Prime; module_alignment=\u00a0\u00bbcenter\u00a0\u00bb custom_padding=\u00a0\u00bb100px||100px||true|false\u00a0\u00bb custom_padding_tablet=\u00a0\u00bb\u00a0\u00bb custom_padding_phone=\u00a0\u00bb\u00a0\u00bb global_colors_info=\u00a0\u00bb{}\u00a0\u00bb][et_pb_row _builder_version=\u00a0\u00bb4.16&Prime; background_size=\u00a0\u00bbinitial\u00a0\u00bb background_position=\u00a0\u00bbtop_left\u00a0\u00bb background_repeat=\u00a0\u00bbrepeat\u00a0\u00bb global_colors_info=\u00a0\u00bb{}\u00a0\u00bb][et_pb_column type=\u00a0\u00bb4_4&Prime; _builder_version=\u00a0\u00bb4.16&Prime; custom_padding=\u00a0\u00bb|||\u00a0\u00bb global_colors_info=\u00a0\u00bb{}\u00a0\u00bb custom_padding__hover=\u00a0\u00bb|||\u00a0\u00bb][et_pb_text admin_label=\u00a0\u00bbThe Standards of Practice\u00a0\u00bb _builder_version=\u00a0\u00bb4.27.4&Prime; module_alignment=\u00a0\u00bbleft\u00a0\u00bb hover_enabled=\u00a0\u00bb0&Prime; global_colors_info=\u00a0\u00bb{}\u00a0\u00bb sticky_enabled=\u00a0\u00bb0&Prime;]<\/p>\n<p>La <a href=\"https:\/\/www.ontario.ca\/lois\/loi\/91r18\" target=\"_blank\" rel=\"noopener\"><em>Loi de 1991 sur les professions de la sant\u00e9 r\u00e9glement\u00e9es<\/em><\/a> (LPSR) r\u00e9git les professions de la sant\u00e9 en Ontario. Cette loi accorde aux th\u00e9rapeutes respiratoires et aux autres professionnels de la sant\u00e9 le droit \u00e0 l\u2019autor\u00e9glementation. Elle autorise \u00e9galement les ordres professionnels \u00e0 \u00e9tablir leurs propres exigences d\u2019inscription. Agissant \u00e0 titre de m\u00e9canisme de protection du public, les lois propres \u00e0 chaque profession r\u00e9servent par ailleurs l\u2019utilisation de certains titres et d\u00e9signations professionnels aux membres des ordres.<\/p>\n<p>Ainsi, la <em><a href=\"https:\/\/www.ontario.ca\/lois\/loi\/91r39\/v2\" target=\"_blank\" rel=\"noopener\">Loi de 1991 sur les th\u00e9rapeutes respiratoires<\/a><\/em> (LTR) conf\u00e8re le titre de \u00ab th\u00e9rapeute respiratoire \u00bb aux personnes ayant r\u00e9pondu aux exigences d\u2019inscription de l\u2019Ordre des th\u00e9rapeutes respiratoires de l\u2019Ontario (OTRO). La pr\u00e9sente ligne directrice vient clarifier les diff\u00e9rentes cat\u00e9gories d\u2019inscription et les titres r\u00e9serv\u00e9s et explique comment maintenir son inscription aupr\u00e8s de l\u2019OTRO.<\/p>\n<p>[\/et_pb_text][\/et_pb_column][\/et_pb_row][\/et_pb_section][et_pb_section fb_built=\u00a0\u00bb1&Prime; inner_shadow=\u00a0\u00bbon\u00a0\u00bb module_id=\u00a0\u00bbfootnote\u00a0\u00bb _builder_version=\u00a0\u00bb4.16&Prime; use_background_color_gradient=\u00a0\u00bbon\u00a0\u00bb background_color_gradient_type=\u00a0\u00bbcircular\u00a0\u00bb background_color_gradient_stops=\u00a0\u00bb#ffffff 53%|#ededed 100%\u00a0\u00bb background_color_gradient_start=\u00a0\u00bb#ffffff\u00a0\u00bb background_color_gradient_start_position=\u00a0\u00bb53%\u00a0\u00bb background_color_gradient_end=\u00a0\u00bb#ededed\u00a0\u00bb custom_padding=\u00a0\u00bb20px||20px|\u00a0\u00bb global_colors_info=\u00a0\u00bb{}\u00a0\u00bb][et_pb_row column_structure=\u00a0\u00bb1_2,1_4,1_4&Prime; _builder_version=\u00a0\u00bb4.16&Prime; global_colors_info=\u00a0\u00bb{}\u00a0\u00bb][et_pb_column type=\u00a0\u00bb1_2&Prime; _builder_version=\u00a0\u00bb4.16&Prime; custom_padding=\u00a0\u00bb|||\u00a0\u00bb global_colors_info=\u00a0\u00bb{}\u00a0\u00bb custom_padding__hover=\u00a0\u00bb|||\u00a0\u00bb][\/et_pb_column][et_pb_column type=\u00a0\u00bb1_4&Prime; _builder_version=\u00a0\u00bb4.16&Prime; custom_padding=\u00a0\u00bb|||\u00a0\u00bb global_colors_info=\u00a0\u00bb{}\u00a0\u00bb custom_padding__hover=\u00a0\u00bb|||\u00a0\u00bb][\/et_pb_column][et_pb_column type=\u00a0\u00bb1_4&Prime; _builder_version=\u00a0\u00bb4.16&Prime; custom_padding=\u00a0\u00bb|||\u00a0\u00bb global_colors_info=\u00a0\u00bb{}\u00a0\u00bb custom_padding__hover=\u00a0\u00bb|||\u00a0\u00bb][et_pb_button button_url=\u00a0\u00bb\/fr\/classes-of-registration\/\u00a0\u00bb button_text=\u00a0\u00bbsuivant\u00a0\u00bb button_alignment=\u00a0\u00bbleft\u00a0\u00bb admin_label=\u00a0\u00bbNext\u00a0\u00bb _builder_version=\u00a0\u00bb4.16&Prime; animation_style=\u00a0\u00bbfade\u00a0\u00bb global_colors_info=\u00a0\u00bb{}\u00a0\u00bb button_text_size__hover_enabled=\u00a0\u00bboff\u00a0\u00bb button_one_text_size__hover_enabled=\u00a0\u00bboff\u00a0\u00bb button_two_text_size__hover_enabled=\u00a0\u00bboff\u00a0\u00bb button_text_color__hover_enabled=\u00a0\u00bboff\u00a0\u00bb button_one_text_color__hover_enabled=\u00a0\u00bboff\u00a0\u00bb button_two_text_color__hover_enabled=\u00a0\u00bboff\u00a0\u00bb button_border_width__hover_enabled=\u00a0\u00bboff\u00a0\u00bb button_one_border_width__hover_enabled=\u00a0\u00bboff\u00a0\u00bb button_two_border_width__hover_enabled=\u00a0\u00bboff\u00a0\u00bb button_border_color__hover_enabled=\u00a0\u00bboff\u00a0\u00bb button_one_border_color__hover_enabled=\u00a0\u00bboff\u00a0\u00bb button_two_border_color__hover_enabled=\u00a0\u00bboff\u00a0\u00bb button_border_radius__hover_enabled=\u00a0\u00bboff\u00a0\u00bb button_one_border_radius__hover_enabled=\u00a0\u00bboff\u00a0\u00bb button_two_border_radius__hover_enabled=\u00a0\u00bboff\u00a0\u00bb button_letter_spacing__hover_enabled=\u00a0\u00bboff\u00a0\u00bb button_one_letter_spacing__hover_enabled=\u00a0\u00bboff\u00a0\u00bb button_two_letter_spacing__hover_enabled=\u00a0\u00bboff\u00a0\u00bb button_bg_color__hover_enabled=\u00a0\u00bboff\u00a0\u00bb button_one_bg_color__hover_enabled=\u00a0\u00bboff\u00a0\u00bb button_two_bg_color__hover_enabled=\u00a0\u00bboff\u00a0\u00bb][\/et_pb_button][\/et_pb_column][\/et_pb_row][\/et_pb_section]<\/p>\n","protected":false},"excerpt":{"rendered":"<p>INTRODUCTIONLa Loi de 1991 sur les professions de la sant\u00e9 r\u00e9glement\u00e9es (LPSR) r\u00e9git les professions de la sant\u00e9 en Ontario. Cette loi accorde aux th\u00e9rapeutes respiratoires et aux autres professionnels de la sant\u00e9 le droit \u00e0 l\u2019autor\u00e9glementation. Elle autorise \u00e9galement les ordres professionnels \u00e0 \u00e9tablir leurs propres exigences d\u2019inscription. Agissant \u00e0 titre de m\u00e9canisme de [&hellip;]<\/p>\n","protected":false},"author":2,"featured_media":0,"parent":0,"menu_order":0,"comment_status":"closed","ping_status":"closed","template":"","meta":{"_et_pb_use_builder":"on","_et_pb_old_content":"","_et_gb_content_width":"","footnotes":""},"class_list":["post-2099","page","type-page","status-publish","hentry"],"yoast_head":"<!-- This site is optimized with the Yoast SEO plugin v26.9 - https:\/\/yoast.com\/product\/yoast-seo-wordpress\/ -->\n<title>Introduction - Registration and Use of Title<\/title>\n<meta name=\"robots\" content=\"index, follow, max-snippet:-1, max-image-preview:large, max-video-preview:-1\" \/>\n<link rel=\"canonical\" href=\"https:\/\/registration.crto.on.ca\/fr\/introduction\/\" \/>\n<meta property=\"og:locale\" content=\"fr_FR\" \/>\n<meta property=\"og:type\" content=\"article\" \/>\n<meta property=\"og:title\" content=\"Introduction - Registration and Use of Title\" \/>\n<meta property=\"og:description\" content=\"INTRODUCTIONLa Loi de 1991 sur les professions de la sant\u00e9 r\u00e9glement\u00e9es (LPSR) r\u00e9git les professions de la sant\u00e9 en Ontario. Cette loi accorde aux th\u00e9rapeutes respiratoires et aux autres professionnels de la sant\u00e9 le droit \u00e0 l\u2019autor\u00e9glementation. Elle autorise \u00e9galement les ordres professionnels \u00e0 \u00e9tablir leurs propres exigences d\u2019inscription. Agissant \u00e0 titre de m\u00e9canisme de [&hellip;]\" \/>\n<meta property=\"og:url\" content=\"https:\/\/registration.crto.on.ca\/fr\/introduction\/\" \/>\n<meta property=\"og:site_name\" content=\"Registration and Use of Title\" \/>\n<meta property=\"article:modified_time\" content=\"2025-04-29T22:07:36+00:00\" \/>\n<meta name=\"twitter:card\" content=\"summary_large_image\" \/>\n<meta name=\"twitter:label1\" content=\"Est. reading time\" \/>\n\t<meta name=\"twitter:data1\" content=\"1 minute\" \/>\n<script type=\"application\/ld+json\" class=\"yoast-schema-graph\">{\"@context\":\"https:\/\/schema.org\",\"@graph\":[{\"@type\":\"WebPage\",\"@id\":\"https:\/\/registration.crto.on.ca\/fr\/introduction\/\",\"url\":\"https:\/\/registration.crto.on.ca\/fr\/introduction\/\",\"name\":\"Introduction - Registration and Use of Title\",\"isPartOf\":{\"@id\":\"https:\/\/registration.crto.on.ca\/#website\"},\"datePublished\":\"2021-06-09T14:16:52+00:00\",\"dateModified\":\"2025-04-29T22:07:36+00:00\",\"breadcrumb\":{\"@id\":\"https:\/\/registration.crto.on.ca\/fr\/introduction\/#breadcrumb\"},\"inLanguage\":\"fr-FR\",\"potentialAction\":[{\"@type\":\"ReadAction\",\"target\":[\"https:\/\/registration.crto.on.ca\/fr\/introduction\/\"]}]},{\"@type\":\"BreadcrumbList\",\"@id\":\"https:\/\/registration.crto.on.ca\/fr\/introduction\/#breadcrumb\",\"itemListElement\":[{\"@type\":\"ListItem\",\"position\":1,\"name\":\"Home\",\"item\":\"https:\/\/registration.crto.on.ca\/\"},{\"@type\":\"ListItem\",\"position\":2,\"name\":\"Introduction\"}]},{\"@type\":\"WebSite\",\"@id\":\"https:\/\/registration.crto.on.ca\/#website\",\"url\":\"https:\/\/registration.crto.on.ca\/\",\"name\":\"Registration and Use of Title\",\"description\":\"Professional Practice Guideline\",\"potentialAction\":[{\"@type\":\"SearchAction\",\"target\":{\"@type\":\"EntryPoint\",\"urlTemplate\":\"https:\/\/registration.crto.on.ca\/?s={search_term_string}\"},\"query-input\":{\"@type\":\"PropertyValueSpecification\",\"valueRequired\":true,\"valueName\":\"search_term_string\"}}],\"inLanguage\":\"fr-FR\"}]}<\/script>\n<!-- \/ Yoast SEO plugin. -->","yoast_head_json":{"title":"Introduction - Registration and Use of Title","robots":{"index":"index","follow":"follow","max-snippet":"max-snippet:-1","max-image-preview":"max-image-preview:large","max-video-preview":"max-video-preview:-1"},"canonical":"https:\/\/registration.crto.on.ca\/fr\/introduction\/","og_locale":"fr_FR","og_type":"article","og_title":"Introduction - Registration and Use of Title","og_description":"INTRODUCTIONLa Loi de 1991 sur les professions de la sant\u00e9 r\u00e9glement\u00e9es (LPSR) r\u00e9git les professions de la sant\u00e9 en Ontario. Cette loi accorde aux th\u00e9rapeutes respiratoires et aux autres professionnels de la sant\u00e9 le droit \u00e0 l\u2019autor\u00e9glementation. Elle autorise \u00e9galement les ordres professionnels \u00e0 \u00e9tablir leurs propres exigences d\u2019inscription. Agissant \u00e0 titre de m\u00e9canisme de [&hellip;]","og_url":"https:\/\/registration.crto.on.ca\/fr\/introduction\/","og_site_name":"Registration and Use of Title","article_modified_time":"2025-04-29T22:07:36+00:00","twitter_card":"summary_large_image","twitter_misc":{"Est. reading time":"1 minute"},"schema":{"@context":"https:\/\/schema.org","@graph":[{"@type":"WebPage","@id":"https:\/\/registration.crto.on.ca\/fr\/introduction\/","url":"https:\/\/registration.crto.on.ca\/fr\/introduction\/","name":"Introduction - Registration and Use of Title","isPartOf":{"@id":"https:\/\/registration.crto.on.ca\/#website"},"datePublished":"2021-06-09T14:16:52+00:00","dateModified":"2025-04-29T22:07:36+00:00","breadcrumb":{"@id":"https:\/\/registration.crto.on.ca\/fr\/introduction\/#breadcrumb"},"inLanguage":"fr-FR","potentialAction":[{"@type":"ReadAction","target":["https:\/\/registration.crto.on.ca\/fr\/introduction\/"]}]},{"@type":"BreadcrumbList","@id":"https:\/\/registration.crto.on.ca\/fr\/introduction\/#breadcrumb","itemListElement":[{"@type":"ListItem","position":1,"name":"Home","item":"https:\/\/registration.crto.on.ca\/"},{"@type":"ListItem","position":2,"name":"Introduction"}]},{"@type":"WebSite","@id":"https:\/\/registration.crto.on.ca\/#website","url":"https:\/\/registration.crto.on.ca\/","name":"Registration and Use of Title","description":"Professional Practice Guideline","potentialAction":[{"@type":"SearchAction","target":{"@type":"EntryPoint","urlTemplate":"https:\/\/registration.crto.on.ca\/?s={search_term_string}"},"query-input":{"@type":"PropertyValueSpecification","valueRequired":true,"valueName":"search_term_string"}}],"inLanguage":"fr-FR"}]}},"_links":{"self":[{"href":"https:\/\/registration.crto.on.ca\/fr\/wp-json\/wp\/v2\/pages\/2099","targetHints":{"allow":["GET"]}}],"collection":[{"href":"https:\/\/registration.crto.on.ca\/fr\/wp-json\/wp\/v2\/pages"}],"about":[{"href":"https:\/\/registration.crto.on.ca\/fr\/wp-json\/wp\/v2\/types\/page"}],"author":[{"embeddable":true,"href":"https:\/\/registration.crto.on.ca\/fr\/wp-json\/wp\/v2\/users\/2"}],"replies":[{"embeddable":true,"href":"https:\/\/registration.crto.on.ca\/fr\/wp-json\/wp\/v2\/comments?post=2099"}],"version-history":[{"count":6,"href":"https:\/\/registration.crto.on.ca\/fr\/wp-json\/wp\/v2\/pages\/2099\/revisions"}],"predecessor-version":[{"id":3546,"href":"https:\/\/registration.crto.on.ca\/fr\/wp-json\/wp\/v2\/pages\/2099\/revisions\/3546"}],"wp:attachment":[{"href":"https:\/\/registration.crto.on.ca\/fr\/wp-json\/wp\/v2\/media?parent=2099"}],"curies":[{"name":"wp","href":"https:\/\/api.w.org\/{rel}","templated":true}]}}